{"id":1433,"date":"2024-02-11T11:59:08","date_gmt":"2024-02-11T08:59:08","guid":{"rendered":"https:\/\/ragros.com\/en\/?page_id=1433"},"modified":"2024-02-18T11:10:06","modified_gmt":"2024-02-18T08:10:06","slug":"private-label","status":"publish","type":"page","link":"https:\/\/ragros.com\/en\/private-label\/","title":{"rendered":"Private Label"},"content":{"rendered":"<p><div class=\"fusion-fullwidth fullwidth-box fusion-builder-row-1 fusion-flex-container has-pattern-background has-mask-background fusion-parallax-none nonhundred-percent-fullwidth hundred-percent-height hundred-percent-height-center-content non-hundred-percent-height-scrolling fusion-animated\" style=\"--awb-border-radius-top-left:0px;--awb-border-radius-top-right:0px;--awb-border-radius-bottom-right:0px;--awb-border-radius-bottom-left:0px;--awb-padding-top:0px;--awb-padding-bottom:0px;--awb-padding-top-small:71px;--awb-padding-bottom-small:70px;--awb-background-image:linear-gradient(180deg, hsla(var(--awb-color8-h),var(--awb-color8-s),var(--awb-color8-l),calc(var(--awb-color8-a) - 70%)) 0%,hsla(var(--awb-color8-h),var(--awb-color8-s),var(--awb-color8-l),calc(var(--awb-color8-a) - 70%)) 100%),url(https:\/\/ragros.com\/en\/wp-content\/uploads\/2024\/02\/Ragros_PL.webp);;--awb-background-size:cover;--awb-flex-wrap:wrap;--awb-animation-color:var(--awb-color7);\" data-animationType=\"revealInLeft\" data-animationDuration=\"1.3\" data-animationOffset=\"top-into-view\" ><div class=\"fusion-builder-row fusion-row fusion-flex-align-items-center fusion-flex-content-wrap\" style=\"max-width:1248px;margin-left: calc(-4% \/ 2 );margin-right: calc(-4% \/ 2 );\"><div class=\"fusion-layout-column fusion_builder_column fusion-builder-column-0 fusion_builder_column_2_3 2_3 fusion-flex-column fusion-animated\" style=\"--awb-bg-size:cover;--awb-width-large:66.666666666667%;--awb-margin-top-large:89px;--awb-spacing-right-large:2.88%;--awb-margin-bottom-large:0px;--awb-spacing-left-large:2.88%;--awb-width-medium:66.666666666667%;--awb-order-medium:0;--awb-spacing-right-medium:2.88%;--awb-spacing-left-medium:2.88%;--awb-width-small:100%;--awb-order-small:0;--awb-spacing-right-small:1.92%;--awb-spacing-left-small:1.92%;\" data-animationType=\"fadeInUp\" data-animationDuration=\"1.3\" data-animationDelay=\"1.3\" data-animationOffset=\"top-into-view\" data-motion-effects=\"[{&quot;type&quot;:&quot;scroll&quot;}]\" data-scroll-devices=\"small-visibility,medium-visibility,large-visibility\"><div class=\"fusion-column-wrapper fusion-column-has-shadow fusion-flex-justify-content-flex-start fusion-content-layout-column\"><div class=\"fusion-title title fusion-title-1 fusion-sep-none fusion-title-text fusion-title-size-div\" style=\"--awb-text-color:var(--awb-color2);--awb-margin-top:0px;--awb-margin-bottom:30px;--awb-margin-top-small:10px;--awb-margin-right-small:0px;--awb-margin-bottom-small:10px;--awb-margin-left-small:0px;--awb-font-size:var(--awb-typography2-font-size);\"><div class=\"fusion-title-heading title-heading-left title-heading-tag\" style=\"font-family:var(--awb-typography2-font-family);font-weight:var(--awb-typography2-font-weight);font-style:var(--awb-typography2-font-style);margin:0;letter-spacing:var(--awb-typography2-letter-spacing);text-transform:var(--awb-typography2-text-transform);font-size:1em;line-height:var(--awb-typography2-line-height);\">Ragros<\/div><\/div><div class=\"fusion-title title fusion-title-2 fusion-sep-none fusion-title-text fusion-title-size-one\" style=\"--awb-margin-top:0px;--awb-margin-bottom:40px;--awb-margin-top-small:10px;--awb-margin-right-small:0px;--awb-margin-bottom-small:10px;--awb-margin-left-small:0px;--awb-font-size:68px;\"><h1 class=\"fusion-title-heading title-heading-left\" style=\"margin:0;font-size:1em;line-height:72px;\">Private Label<\/h1><\/div><div class=\"fusion-text fusion-text-1 fusion-text-no-margin\" style=\"--awb-text-color:var(--awb-color1);--awb-margin-right:15%;--awb-margin-bottom:40px;\"><p>We produce private label\/packaged products (with private label logo) for any category, without being limited to a specific supplier or brand, in accordance with the criteria determined by our customers.<\/p>\n<\/div><\/div><\/div><\/div><\/div><div class=\"fusion-fullwidth fullwidth-box fusion-builder-row-2 fusion-flex-container has-pattern-background has-mask-background nonhundred-percent-fullwidth non-hundred-percent-height-scrolling\" style=\"--awb-border-radius-top-left:0px;--awb-border-radius-top-right:0px;--awb-border-radius-bottom-right:0px;--awb-border-radius-bottom-left:0px;--awb-padding-top:95px;--awb-padding-bottom:95px;--awb-padding-top-small:90px;--awb-padding-bottom-small:80px;--awb-flex-wrap:wrap;\" ><div class=\"fusion-builder-row fusion-row fusion-flex-align-items-flex-start fusion-flex-content-wrap\" style=\"max-width:1248px;margin-left: calc(-4% \/ 2 );margin-right: calc(-4% \/ 2 );\"><div class=\"fusion-layout-column fusion_builder_column fusion-builder-column-1 fusion_builder_column_3_5 3_5 fusion-flex-column fusion-flex-align-self-center fusion-animated\" style=\"--awb-bg-size:cover;--awb-width-large:60%;--awb-margin-top-large:0px;--awb-spacing-right-large:16%;--awb-margin-bottom-large:0px;--awb-spacing-left-large:3.2%;--awb-width-medium:100%;--awb-order-medium:2;--awb-spacing-right-medium:9.6%;--awb-spacing-left-medium:5.184%;--awb-width-small:100%;--awb-order-small:2;--awb-spacing-right-small:1.92%;--awb-margin-bottom-small:0px;--awb-spacing-left-small:1.92%;\" data-animationType=\"fadeInLeft\" data-animationDuration=\"1.3\" data-animationOffset=\"top-into-view\"><div class=\"fusion-column-wrapper fusion-column-has-shadow fusion-flex-justify-content-flex-start fusion-content-layout-column\"><div class=\"fusion-title title fusion-title-3 fusion-sep-none fusion-title-text fusion-title-size-two\" style=\"--awb-margin-top-small:10px;--awb-margin-right-small:0px;--awb-margin-bottom-small:10px;--awb-margin-left-small:0px;\"><h2 class=\"fusion-title-heading title-heading-left\" style=\"margin:0;\">Private Label<br \/>Product Supply Process<\/h2><\/div><div class=\"fusion-text fusion-text-2\" style=\"--awb-margin-right:15%;\"><ul>\n<li>Top Sales Coverage.<br \/>Domestic and international sales and trends are analyzed every year to cover all needing units.<\/li>\n<li>A guaranteed competitive environment is created with the cooperation of our solution partners.<\/li>\n<li>Over 450+ products with 100% sales price index are supplied in the Turkish market.<\/li>\n<li>Competitive retail sales price analyses are made about the regional markets requested by our customers.<\/li>\n<li>A weekly domestic price comparison is made for the products to be supplied.<\/li>\n<li>Product quality assurance is provided during the production process of the requested products.<\/li>\n<\/ul>\n<p>Additionally:<\/p>\n<ul>\n<li>We cooperate with international laboratories for product tests.<\/li>\n<li>Random product analysis before and after launch is performed according to the determined product features.<\/li>\n<li>All laboratories we have agreements with (Merieux, SGS, etc.) have ISO 17025 certification.<\/li>\n<li>Apart from those mentioned above, laboratories requested by our customers can be cooperated with for our product analyses.<\/li>\n<\/ul>\n<\/div><\/div><\/div><div class=\"fusion-layout-column fusion_builder_column fusion-builder-column-2 fusion_builder_column_2_5 2_5 fusion-flex-column fusion-no-small-visibility fusion-no-medium-visibility fusion-animated\" style=\"--awb-bg-size:cover;--awb-width-large:40%;--awb-margin-top-large:0px;--awb-spacing-right-large:4.8%;--awb-margin-bottom-large:0px;--awb-spacing-left-large:4.8%;--awb-width-medium:40%;--awb-order-medium:0;--awb-spacing-right-medium:4.8%;--awb-spacing-left-medium:4.8%;--awb-width-small:100%;--awb-order-small:0;--awb-spacing-right-small:1.92%;--awb-margin-bottom-small:50px;--awb-spacing-left-small:1.92%;\" data-animationType=\"fadeInRight\" data-animationDuration=\"1.3\" data-animationOffset=\"top-into-view\"><div class=\"fusion-column-wrapper fusion-column-has-shadow fusion-flex-justify-content-flex-start fusion-content-layout-column\"><div class=\"fusion-image-element \" style=\"--awb-aspect-ratio:9 \/ 21;--awb-caption-title-font-family:var(--h2_typography-font-family);--awb-caption-title-font-weight:var(--h2_typography-font-weight);--awb-caption-title-font-style:var(--h2_typography-font-style);--awb-caption-title-size:var(--h2_typography-font-size);--awb-caption-title-transform:var(--h2_typography-text-transform);--awb-caption-title-line-height:var(--h2_typography-line-height);--awb-caption-title-letter-spacing:var(--h2_typography-letter-spacing);\"><span class=\" fusion-imageframe imageframe-none imageframe-1 hover-type-none has-aspect-ratio\" style=\"border-radius:5px;\"><img decoding=\"async\" width=\"1920\" height=\"1080\" title=\"Ragros_W_001\" src=\"https:\/\/ragros.com\/en\/wp-content\/uploads\/2024\/02\/Ragros_W_001.webp\" class=\"img-responsive wp-image-1521 img-with-aspect-ratio\" data-parent-fit=\"cover\" data-parent-container=\".fusion-image-element\" alt srcset=\"https:\/\/ragros.com\/en\/wp-content\/uploads\/2024\/02\/Ragros_W_001-200x113.webp 200w, https:\/\/ragros.com\/en\/wp-content\/uploads\/2024\/02\/Ragros_W_001-400x225.webp 400w, https:\/\/ragros.com\/en\/wp-content\/uploads\/2024\/02\/Ragros_W_001-600x338.webp 600w, https:\/\/ragros.com\/en\/wp-content\/uploads\/2024\/02\/Ragros_W_001-800x450.webp 800w, https:\/\/ragros.com\/en\/wp-content\/uploads\/2024\/02\/Ragros_W_001-1200x675.webp 1200w, https:\/\/ragros.com\/en\/wp-content\/uploads\/2024\/02\/Ragros_W_001.webp 1920w\" sizes=\"(max-width: 718px) 100vw, 600px\" \/><\/span><\/div><\/div><\/div><div class=\"fusion-layout-column fusion_builder_column fusion-builder-column-3 fusion_builder_column_2_5 2_5 fusion-flex-column fusion-no-large-visibility fusion-animated\" style=\"--awb-bg-size:cover;--awb-width-large:40%;--awb-margin-top-large:0px;--awb-spacing-right-large:4.8%;--awb-margin-bottom-large:0px;--awb-spacing-left-large:4.8%;--awb-width-medium:100%;--awb-order-medium:0;--awb-spacing-right-medium:1.92%;--awb-margin-bottom-medium:95px;--awb-spacing-left-medium:1.92%;--awb-width-small:100%;--awb-order-small:1;--awb-spacing-right-small:1.92%;--awb-margin-bottom-small:50px;--awb-spacing-left-small:1.92%;\" data-animationType=\"fadeInRight\" data-animationDuration=\"1.3\" data-animationOffset=\"top-into-view\"><div class=\"fusion-column-wrapper fusion-column-has-shadow fusion-flex-justify-content-flex-start fusion-content-layout-column\"><div class=\"fusion-image-element \" style=\"--awb-caption-title-font-family:var(--h2_typography-font-family);--awb-caption-title-font-weight:var(--h2_typography-font-weight);--awb-caption-title-font-style:var(--h2_typography-font-style);--awb-caption-title-size:var(--h2_typography-font-size);--awb-caption-title-transform:var(--h2_typography-text-transform);--awb-caption-title-line-height:var(--h2_typography-line-height);--awb-caption-title-letter-spacing:var(--h2_typography-letter-spacing);\"><span class=\" fusion-imageframe imageframe-none imageframe-2 hover-type-none\" style=\"border-radius:5px;\"><img decoding=\"async\" width=\"1920\" height=\"1080\" title=\"Ragros_W_001\" src=\"https:\/\/ragros.com\/en\/wp-content\/uploads\/2024\/02\/Ragros_W_001.webp\" alt class=\"img-responsive wp-image-1521\" srcset=\"https:\/\/ragros.com\/en\/wp-content\/uploads\/2024\/02\/Ragros_W_001-200x113.webp 200w, https:\/\/ragros.com\/en\/wp-content\/uploads\/2024\/02\/Ragros_W_001-400x225.webp 400w, https:\/\/ragros.com\/en\/wp-content\/uploads\/2024\/02\/Ragros_W_001-600x338.webp 600w, https:\/\/ragros.com\/en\/wp-content\/uploads\/2024\/02\/Ragros_W_001-800x450.webp 800w, https:\/\/ragros.com\/en\/wp-content\/uploads\/2024\/02\/Ragros_W_001-1200x675.webp 1200w, https:\/\/ragros.com\/en\/wp-content\/uploads\/2024\/02\/Ragros_W_001.webp 1920w\" sizes=\"(max-width: 718px) 100vw, 600px\" \/><\/span><\/div><\/div><\/div><\/div><\/div><div class=\"fusion-fullwidth fullwidth-box fusion-builder-row-3 fusion-flex-container has-pattern-background has-mask-background nonhundred-percent-fullwidth non-hundred-percent-height-scrolling\" style=\"--awb-border-radius-top-left:0px;--awb-border-radius-top-right:0px;--awb-border-radius-bottom-right:0px;--awb-border-radius-bottom-left:0px;--awb-padding-top:95px;--awb-padding-bottom:95px;--awb-padding-top-small:90px;--awb-padding-bottom-small:0px;--awb-flex-wrap:wrap;\" ><div class=\"fusion-builder-row fusion-row fusion-flex-align-items-flex-start fusion-flex-content-wrap\" style=\"max-width:1248px;margin-left: calc(-4% \/ 2 );margin-right: calc(-4% \/ 2 );\"><div class=\"fusion-layout-column fusion_builder_column fusion-builder-column-4 fusion_builder_column_1_1 1_1 fusion-flex-column fusion-flex-align-self-center fusion-animated\" style=\"--awb-bg-size:cover;--awb-width-large:100%;--awb-margin-top-large:0px;--awb-spacing-right-large:1.92%;--awb-margin-bottom-large:0px;--awb-spacing-left-large:1.92%;--awb-width-medium:100%;--awb-order-medium:0;--awb-spacing-right-medium:1.92%;--awb-spacing-left-medium:5.184%;--awb-width-small:100%;--awb-order-small:0;--awb-spacing-right-small:1.92%;--awb-margin-bottom-small:64px;--awb-spacing-left-small:1.92%;\" data-animationType=\"fadeInLeft\" data-animationDuration=\"1.3\" data-animationOffset=\"top-into-view\"><div class=\"fusion-column-wrapper fusion-column-has-shadow fusion-flex-justify-content-flex-start fusion-content-layout-column\"><div class=\"fusion-title title fusion-title-4 fusion-sep-none fusion-title-center fusion-title-text fusion-title-size-two\" style=\"--awb-margin-top:0px;--awb-margin-bottom:20px;--awb-margin-top-small:10px;--awb-margin-right-small:0px;--awb-margin-bottom-small:10px;--awb-margin-left-small:0px;\"><h2 class=\"fusion-title-heading title-heading-center\" style=\"margin:0;\">Our Private Label Categories<\/h2><\/div>\n<div class=\"table-2\">\n<table width=\"100%\">\n<thead>\n<tr>\n<th align=\"left\">Product Category<\/th>\n<th align=\"left\">Number of products<\/th>\n<\/tr>\n<\/thead>\n<tbody>\n<tr>\n<td align=\"left\">Dry Food<\/td>\n<td align=\"left\">176<\/td>\n<\/tr>\n<tr>\n<td align=\"left\">Spice<\/td>\n<td align=\"left\">36<\/td>\n<\/tr>\n<tr>\n<td align=\"left\">Breakfast Food<\/td>\n<td align=\"left\">33<\/td>\n<\/tr>\n<tr>\n<td align=\"left\">Organic Food<\/td>\n<td align=\"left\">37<\/td>\n<\/tr>\n<tr>\n<td align=\"left\">Snacks<\/td>\n<td align=\"left\">21<\/td>\n<\/tr>\n<tr>\n<td align=\"left\">Rice<\/td>\n<td align=\"left\">11<\/td>\n<\/tr>\n<tr>\n<td align=\"left\">Sauces<\/td>\n<td align=\"left\">13<\/td>\n<\/tr>\n<tr>\n<td align=\"left\">Pickles<\/td>\n<td align=\"left\">6<\/td>\n<\/tr>\n<tr>\n<td align=\"left\">Oils<\/td>\n<td align=\"left\">7<\/td>\n<\/tr>\n<tr>\n<td align=\"left\">Flours<\/td>\n<td align=\"left\">12<\/td>\n<\/tr>\n<tr>\n<td align=\"left\">Pastas<\/td>\n<td align=\"left\">14<\/td>\n<\/tr>\n<tr>\n<td align=\"left\">Soups<\/td>\n<td align=\"left\">19<\/td>\n<\/tr>\n<tr>\n<td align=\"left\">Personal Care<\/td>\n<td align=\"left\">66<\/td>\n<\/tr>\n<tr>\n<td align=\"left\">Make-Up<\/td>\n<td align=\"left\">25<\/td>\n<\/tr>\n<tr>\n<td align=\"left\">Hygienic Products<\/td>\n<td align=\"left\">18<\/td>\n<\/tr>\n<tr>\n<td align=\"left\">Body Care<\/td>\n<td align=\"left\">10<\/td>\n<\/tr>\n<tr>\n<td align=\"left\">Hair Care<\/td>\n<td align=\"left\">8<\/td>\n<\/tr>\n<tr>\n<td align=\"left\">Dental Care<\/td>\n<td align=\"left\">4<\/td>\n<\/tr>\n<tr>\n<td align=\"left\">Facial Care<\/td>\n<td align=\"left\">1<\/td>\n<\/tr>\n<tr>\n<td align=\"left\">Hygienic Paper<\/td>\n<td align=\"left\">2<\/td>\n<\/tr>\n<tr>\n<td align=\"left\">Baby Care<\/td>\n<td align=\"left\">9<\/td>\n<\/tr>\n<tr>\n<td align=\"left\">Kitchen Products<\/td>\n<td align=\"left\">8<\/td>\n<\/tr>\n<tr>\n<td align=\"left\">Dishwashing Products<\/td>\n<td align=\"left\">6<\/td>\n<\/tr>\n<tr>\n<td align=\"left\">Garbage Bag<\/td>\n<td align=\"left\">3<\/td>\n<\/tr>\n<tr>\n<td align=\"left\">Cleaning Products<\/td>\n<td align=\"left\">39<\/td>\n<\/tr>\n<tr>\n<td align=\"left\">Surface Cleaning Products<\/td>\n<td align=\"left\">21<\/td>\n<\/tr>\n<tr>\n<td align=\"left\">Laundry Products<\/td>\n<td align=\"left\">13<\/td>\n<\/tr>\n<tr>\n<td align=\"left\">Self-Service<\/td>\n<td align=\"left\">36<\/td>\n<\/tr>\n<tr>\n<td align=\"left\">Household Appliances<\/td>\n<td align=\"left\">22<\/td>\n<\/tr>\n<tr>\n<td align=\"left\">Iron<\/td>\n<td align=\"left\">4<\/td>\n<\/tr>\n<tr>\n<td align=\"left\">Disposable<\/td>\n<td align=\"left\">2<\/td>\n<\/tr>\n<tr>\n<td align=\"left\">Tea<\/td>\n<td align=\"left\">24<\/td>\n<\/tr>\n<tr>\n<td align=\"left\">Coffee<\/td>\n<td align=\"left\">17<\/td>\n<\/tr>\n<\/tbody>\n<\/table>\n<\/div>\n<\/div><\/div><\/div><\/div><\/p>\n","protected":false},"excerpt":{"rendered":"","protected":false},"author":1,"featured_media":0,"parent":0,"menu_order":0,"comment_status":"closed","ping_status":"closed","template":"100-width.php","meta":{"footnotes":""},"categories":[],"tags":[],"class_list":["post-1433","page","type-page","status-publish","hentry"],"yoast_head":"<!-- This site is optimized with the Yoast SEO plugin v27.4 - https:\/\/yoast.com\/product\/yoast-seo-wordpress\/ -->\n<title>Private Label - Ragros (EN)<\/title>\n<meta name=\"robots\" content=\"index, follow, max-snippet:-1, max-image-preview:large, max-video-preview:-1\" \/>\n<link rel=\"canonical\" href=\"https:\/\/ragros.com\/en\/private-label\/\" \/>\n<meta property=\"og:locale\" content=\"en_US\" \/>\n<meta property=\"og:type\" content=\"article\" \/>\n<meta property=\"og:title\" content=\"Private Label - Ragros (EN)\" \/>\n<meta property=\"og:url\" content=\"https:\/\/ragros.com\/en\/private-label\/\" \/>\n<meta property=\"og:site_name\" content=\"Ragros (EN)\" \/>\n<meta property=\"article:modified_time\" content=\"2024-02-18T08:10:06+00:00\" \/>\n<meta name=\"twitter:card\" content=\"summary_large_image\" \/>\n<meta name=\"twitter:label1\" content=\"Est. reading time\" \/>\n\t<meta name=\"twitter:data1\" content=\"15 minutes\" \/>\n<script type=\"application\/ld+json\" class=\"yoast-schema-graph\">{\"@context\":\"https:\\\/\\\/schema.org\",\"@graph\":[{\"@type\":\"WebPage\",\"@id\":\"https:\\\/\\\/ragros.com\\\/en\\\/private-label\\\/\",\"url\":\"https:\\\/\\\/ragros.com\\\/en\\\/private-label\\\/\",\"name\":\"Private Label - Ragros (EN)\",\"isPartOf\":{\"@id\":\"https:\\\/\\\/ragros.com\\\/en\\\/#website\"},\"datePublished\":\"2024-02-11T08:59:08+00:00\",\"dateModified\":\"2024-02-18T08:10:06+00:00\",\"breadcrumb\":{\"@id\":\"https:\\\/\\\/ragros.com\\\/en\\\/private-label\\\/#breadcrumb\"},\"inLanguage\":\"en-US\",\"potentialAction\":[{\"@type\":\"ReadAction\",\"target\":[\"https:\\\/\\\/ragros.com\\\/en\\\/private-label\\\/\"]}]},{\"@type\":\"BreadcrumbList\",\"@id\":\"https:\\\/\\\/ragros.com\\\/en\\\/private-label\\\/#breadcrumb\",\"itemListElement\":[{\"@type\":\"ListItem\",\"position\":1,\"name\":\"Anasayfa\",\"item\":\"https:\\\/\\\/ragros.com\\\/en\\\/\"},{\"@type\":\"ListItem\",\"position\":2,\"name\":\"Private Label\"}]},{\"@type\":\"WebSite\",\"@id\":\"https:\\\/\\\/ragros.com\\\/en\\\/#website\",\"url\":\"https:\\\/\\\/ragros.com\\\/en\\\/\",\"name\":\"Ragros (EN)\",\"description\":\"Prestijli \u00dcr\u00fcnler G\u00fcvenilir Ellerde\",\"potentialAction\":[{\"@type\":\"SearchAction\",\"target\":{\"@type\":\"EntryPoint\",\"urlTemplate\":\"https:\\\/\\\/ragros.com\\\/en\\\/?s={search_term_string}\"},\"query-input\":{\"@type\":\"PropertyValueSpecification\",\"valueRequired\":true,\"valueName\":\"search_term_string\"}}],\"inLanguage\":\"en-US\"}]}<\/script>\n<!-- \/ Yoast SEO plugin. -->","yoast_head_json":{"title":"Private Label - Ragros (EN)","robots":{"index":"index","follow":"follow","max-snippet":"max-snippet:-1","max-image-preview":"max-image-preview:large","max-video-preview":"max-video-preview:-1"},"canonical":"https:\/\/ragros.com\/en\/private-label\/","og_locale":"en_US","og_type":"article","og_title":"Private Label - Ragros (EN)","og_url":"https:\/\/ragros.com\/en\/private-label\/","og_site_name":"Ragros (EN)","article_modified_time":"2024-02-18T08:10:06+00:00","twitter_card":"summary_large_image","twitter_misc":{"Est. reading time":"15 minutes"},"schema":{"@context":"https:\/\/schema.org","@graph":[{"@type":"WebPage","@id":"https:\/\/ragros.com\/en\/private-label\/","url":"https:\/\/ragros.com\/en\/private-label\/","name":"Private Label - Ragros (EN)","isPartOf":{"@id":"https:\/\/ragros.com\/en\/#website"},"datePublished":"2024-02-11T08:59:08+00:00","dateModified":"2024-02-18T08:10:06+00:00","breadcrumb":{"@id":"https:\/\/ragros.com\/en\/private-label\/#breadcrumb"},"inLanguage":"en-US","potentialAction":[{"@type":"ReadAction","target":["https:\/\/ragros.com\/en\/private-label\/"]}]},{"@type":"BreadcrumbList","@id":"https:\/\/ragros.com\/en\/private-label\/#breadcrumb","itemListElement":[{"@type":"ListItem","position":1,"name":"Anasayfa","item":"https:\/\/ragros.com\/en\/"},{"@type":"ListItem","position":2,"name":"Private Label"}]},{"@type":"WebSite","@id":"https:\/\/ragros.com\/en\/#website","url":"https:\/\/ragros.com\/en\/","name":"Ragros (EN)","description":"Prestijli \u00dcr\u00fcnler G\u00fcvenilir Ellerde","potentialAction":[{"@type":"SearchAction","target":{"@type":"EntryPoint","urlTemplate":"https:\/\/ragros.com\/en\/?s={search_term_string}"},"query-input":{"@type":"PropertyValueSpecification","valueRequired":true,"valueName":"search_term_string"}}],"inLanguage":"en-US"}]}},"comments":[],"_links":{"self":[{"href":"https:\/\/ragros.com\/en\/wp-json\/wp\/v2\/pages\/1433","targetHints":{"allow":["GET"]}}],"collection":[{"href":"https:\/\/ragros.com\/en\/wp-json\/wp\/v2\/pages"}],"about":[{"href":"https:\/\/ragros.com\/en\/wp-json\/wp\/v2\/types\/page"}],"author":[{"embeddable":true,"href":"https:\/\/ragros.com\/en\/wp-json\/wp\/v2\/users\/1"}],"replies":[{"embeddable":true,"href":"https:\/\/ragros.com\/en\/wp-json\/wp\/v2\/comments?post=1433"}],"version-history":[{"count":11,"href":"https:\/\/ragros.com\/en\/wp-json\/wp\/v2\/pages\/1433\/revisions"}],"predecessor-version":[{"id":1620,"href":"https:\/\/ragros.com\/en\/wp-json\/wp\/v2\/pages\/1433\/revisions\/1620"}],"wp:attachment":[{"href":"https:\/\/ragros.com\/en\/wp-json\/wp\/v2\/media?parent=1433"}],"wp:term":[{"taxonomy":"category","embeddable":true,"href":"https:\/\/ragros.com\/en\/wp-json\/wp\/v2\/categories?post=1433"},{"taxonomy":"post_tag","embeddable":true,"href":"https:\/\/ragros.com\/en\/wp-json\/wp\/v2\/tags?post=1433"}],"curies":[{"name":"wp","href":"https:\/\/api.w.org\/{rel}","templated":true}]}}