{"id":1451,"date":"2024-02-11T14:36:24","date_gmt":"2024-02-11T11:36:24","guid":{"rendered":"https:\/\/ragros.com\/en\/?page_id=1451"},"modified":"2024-05-27T07:11:05","modified_gmt":"2024-05-27T04:11:05","slug":"services","status":"publish","type":"page","link":"https:\/\/ragros.com\/en\/services\/","title":{"rendered":"Services"},"content":{"rendered":"<p><div class=\"fusion-fullwidth fullwidth-box fusion-builder-row-1 fusion-flex-container has-pattern-background has-mask-background fusion-parallax-none nonhundred-percent-fullwidth hundred-percent-height hundred-percent-height-center-content non-hundred-percent-height-scrolling fusion-animated\" style=\"--awb-border-radius-top-left:0px;--awb-border-radius-top-right:0px;--awb-border-radius-bottom-right:0px;--awb-border-radius-bottom-left:0px;--awb-padding-top:0px;--awb-padding-bottom:0px;--awb-padding-top-small:71px;--awb-padding-bottom-small:70px;--awb-background-image:linear-gradient(180deg, hsla(var(--awb-color8-h),var(--awb-color8-s),var(--awb-color8-l),calc(var(--awb-color8-a) - 70%)) 0%,hsla(var(--awb-color8-h),var(--awb-color8-s),var(--awb-color8-l),calc(var(--awb-color8-a) - 70%)) 100%),url(https:\/\/ragros.com\/en\/wp-content\/uploads\/2024\/02\/Ragros_W_001.webp);;--awb-background-size:cover;--awb-flex-wrap:wrap;--awb-animation-color:var(--awb-color7);\" data-animationType=\"revealInLeft\" data-animationDuration=\"1.3\" data-animationOffset=\"top-into-view\" ><div class=\"fusion-builder-row fusion-row fusion-flex-align-items-center fusion-flex-content-wrap\" style=\"max-width:1248px;margin-left: calc(-4% \/ 2 );margin-right: calc(-4% \/ 2 );\"><div class=\"fusion-layout-column fusion_builder_column fusion-builder-column-0 fusion_builder_column_2_3 2_3 fusion-flex-column fusion-animated\" style=\"--awb-bg-size:cover;--awb-width-large:66.666666666667%;--awb-margin-top-large:89px;--awb-spacing-right-large:2.88%;--awb-margin-bottom-large:0px;--awb-spacing-left-large:2.88%;--awb-width-medium:66.666666666667%;--awb-order-medium:0;--awb-spacing-right-medium:2.88%;--awb-spacing-left-medium:2.88%;--awb-width-small:100%;--awb-order-small:0;--awb-spacing-right-small:1.92%;--awb-spacing-left-small:1.92%;\" data-animationType=\"fadeInUp\" data-animationDuration=\"1.3\" data-animationDelay=\"1.3\" data-animationOffset=\"top-into-view\" data-motion-effects=\"[{&quot;type&quot;:&quot;scroll&quot;}]\" data-scroll-devices=\"small-visibility,medium-visibility,large-visibility\"><div class=\"fusion-column-wrapper fusion-column-has-shadow fusion-flex-justify-content-flex-start fusion-content-layout-column\"><div class=\"fusion-title title fusion-title-1 fusion-sep-none fusion-title-text fusion-title-size-div\" style=\"--awb-text-color:var(--awb-color2);--awb-margin-top:0px;--awb-margin-bottom:30px;--awb-margin-top-small:10px;--awb-margin-right-small:0px;--awb-margin-bottom-small:10px;--awb-margin-left-small:0px;--awb-font-size:var(--awb-typography2-font-size);\"><div class=\"fusion-title-heading title-heading-left title-heading-tag\" style=\"font-family:var(--awb-typography2-font-family);font-weight:var(--awb-typography2-font-weight);font-style:var(--awb-typography2-font-style);margin:0;letter-spacing:var(--awb-typography2-letter-spacing);text-transform:var(--awb-typography2-text-transform);font-size:1em;line-height:var(--awb-typography2-line-height);\">Ragros<\/div><\/div><div class=\"fusion-title title fusion-title-2 fusion-sep-none fusion-title-text fusion-title-size-one\" style=\"--awb-margin-top:0px;--awb-margin-bottom:40px;--awb-margin-top-small:10px;--awb-margin-right-small:0px;--awb-margin-bottom-small:10px;--awb-margin-left-small:0px;--awb-font-size:68px;\"><h1 class=\"fusion-title-heading title-heading-left\" style=\"margin:0;font-size:1em;line-height:72px;\">Your Reliable Business Partner in Turkey<\/h1><\/div><div class=\"fusion-text fusion-text-1 fusion-text-no-margin\" style=\"--awb-text-color:var(--awb-color1);--awb-margin-right:15%;--awb-margin-bottom:40px;\"><p>With more than 400 employees in our group, our monthly shipment organization ability of 60.000 boxes and 10.000 pallets, and our 9 main distribution centers with a total storage area of 18,877 m<sup>2<\/sup> in Turkey, we have the opportunity to ship boxed or fresh vegetables, fruits and fish delicatessen products to our customers.<\/p>\n<\/div><\/div><\/div><\/div><\/div><div class=\"fusion-fullwidth fullwidth-box fusion-builder-row-2 fusion-flex-container has-pattern-background has-mask-background nonhundred-percent-fullwidth non-hundred-percent-height-scrolling\" style=\"--awb-border-radius-top-left:0px;--awb-border-radius-top-right:0px;--awb-border-radius-bottom-right:0px;--awb-border-radius-bottom-left:0px;--awb-padding-top:95px;--awb-padding-bottom:95px;--awb-padding-top-small:90px;--awb-padding-bottom-small:80px;--awb-flex-wrap:wrap;\" ><div class=\"fusion-builder-row fusion-row fusion-flex-align-items-flex-start fusion-flex-content-wrap\" style=\"max-width:1248px;margin-left: calc(-4% \/ 2 );margin-right: calc(-4% \/ 2 );\"><div class=\"fusion-layout-column fusion_builder_column fusion-builder-column-1 fusion_builder_column_3_5 3_5 fusion-flex-column fusion-flex-align-self-center fusion-animated\" style=\"--awb-bg-size:cover;--awb-width-large:60%;--awb-margin-top-large:0px;--awb-spacing-right-large:16%;--awb-margin-bottom-large:0px;--awb-spacing-left-large:3.2%;--awb-width-medium:100%;--awb-order-medium:2;--awb-spacing-right-medium:9.6%;--awb-spacing-left-medium:5.184%;--awb-width-small:100%;--awb-order-small:2;--awb-spacing-right-small:1.92%;--awb-margin-bottom-small:64px;--awb-spacing-left-small:1.92%;\" data-animationType=\"fadeInLeft\" data-animationDuration=\"1.3\" data-animationOffset=\"top-into-view\"><div class=\"fusion-column-wrapper fusion-column-has-shadow fusion-flex-justify-content-flex-start fusion-content-layout-column\"><div class=\"fusion-title title fusion-title-3 fusion-sep-none fusion-title-text fusion-title-size-two\" style=\"--awb-margin-top-small:10px;--awb-margin-right-small:0px;--awb-margin-bottom-small:10px;--awb-margin-left-small:0px;\"><h2 class=\"fusion-title-heading title-heading-left\" style=\"margin:0;\">Our Services<\/h2><\/div><div class=\"fusion-text fusion-text-2\" style=\"--awb-margin-right:15%;\"><p>Ragros Foreign Trade Inc. aspect; With our more than 400 employees in our family, our ability to organize monthly shipments of 60 thousand boxes and 10 thousand pallets, and our 9 main distribution centers with a total storage area of \u200b\u200b18,877 m2 in Turkey, we have the opportunity to ship boxed or fresh vegetables, fruits and fish delicatessen products to our customers.<\/p>\n<p>However, depending on the nature of the requested products;<\/p>\n<ul>\n<li>We ensure that the products are analyzed during the production process.<\/li>\n<li>We have the opportunity to label and package our products in different languages.<\/li>\n<li>We supply the highest quality products of market leading brands in Turkey.<\/li>\n<li>We ensure that appropriate product specifications are created according to Turkish regulations.<\/li>\n<li>We inspect all the manufacturers and suppliers we cooperate with according to IFS FOOD GM&amp;IFS HPC GM standards.<\/li>\n<li>We only cooperate with internationally accredited auditors.<\/li>\n<li>We select our auditors according to sectoral legislation and past audit experience.<\/li>\n<li>We conduct random supplier audits every year.<\/li>\n<\/ul>\n<\/div><\/div><\/div><div class=\"fusion-layout-column fusion_builder_column fusion-builder-column-2 fusion_builder_column_2_5 2_5 fusion-flex-column fusion-no-small-visibility fusion-no-medium-visibility fusion-animated\" style=\"--awb-bg-size:cover;--awb-width-large:40%;--awb-margin-top-large:0px;--awb-spacing-right-large:4.8%;--awb-margin-bottom-large:0px;--awb-spacing-left-large:4.8%;--awb-width-medium:40%;--awb-order-medium:0;--awb-spacing-right-medium:4.8%;--awb-spacing-left-medium:4.8%;--awb-width-small:100%;--awb-order-small:0;--awb-spacing-right-small:1.92%;--awb-margin-bottom-small:50px;--awb-spacing-left-small:1.92%;\" data-animationType=\"fadeInRight\" data-animationDuration=\"1.3\" data-animationOffset=\"top-into-view\"><div class=\"fusion-column-wrapper fusion-column-has-shadow fusion-flex-justify-content-flex-start fusion-content-layout-column\"><div class=\"fusion-image-element \" style=\"--awb-aspect-ratio:9 \/ 16;--awb-caption-title-font-family:var(--h2_typography-font-family);--awb-caption-title-font-weight:var(--h2_typography-font-weight);--awb-caption-title-font-style:var(--h2_typography-font-style);--awb-caption-title-size:var(--h2_typography-font-size);--awb-caption-title-transform:var(--h2_typography-text-transform);--awb-caption-title-line-height:var(--h2_typography-line-height);--awb-caption-title-letter-spacing:var(--h2_typography-letter-spacing);\"><span class=\" fusion-imageframe imageframe-none imageframe-1 hover-type-none has-aspect-ratio\" style=\"border-radius:5px;\"><img decoding=\"async\" width=\"1920\" height=\"1080\" title=\"Ragros_W_019\" src=\"https:\/\/ragros.com\/en\/wp-content\/uploads\/2024\/02\/Ragros_W_019.webp\" class=\"img-responsive wp-image-1539 img-with-aspect-ratio\" data-parent-fit=\"cover\" data-parent-container=\".fusion-image-element\" alt srcset=\"https:\/\/ragros.com\/en\/wp-content\/uploads\/2024\/02\/Ragros_W_019-200x113.webp 200w, https:\/\/ragros.com\/en\/wp-content\/uploads\/2024\/02\/Ragros_W_019-400x225.webp 400w, https:\/\/ragros.com\/en\/wp-content\/uploads\/2024\/02\/Ragros_W_019-600x338.webp 600w, https:\/\/ragros.com\/en\/wp-content\/uploads\/2024\/02\/Ragros_W_019-800x450.webp 800w, https:\/\/ragros.com\/en\/wp-content\/uploads\/2024\/02\/Ragros_W_019-1200x675.webp 1200w, https:\/\/ragros.com\/en\/wp-content\/uploads\/2024\/02\/Ragros_W_019.webp 1920w\" sizes=\"(max-width: 718px) 100vw, 600px\" \/><\/span><\/div><\/div><\/div><div class=\"fusion-layout-column fusion_builder_column fusion-builder-column-3 fusion_builder_column_2_5 2_5 fusion-flex-column fusion-no-large-visibility fusion-animated\" style=\"--awb-bg-size:cover;--awb-width-large:40%;--awb-margin-top-large:0px;--awb-spacing-right-large:4.8%;--awb-margin-bottom-large:0px;--awb-spacing-left-large:4.8%;--awb-width-medium:100%;--awb-order-medium:1;--awb-spacing-right-medium:1.92%;--awb-margin-bottom-medium:95px;--awb-spacing-left-medium:1.92%;--awb-width-small:100%;--awb-order-small:1;--awb-spacing-right-small:1.92%;--awb-margin-bottom-small:50px;--awb-spacing-left-small:1.92%;\" data-animationType=\"fadeInRight\" data-animationDuration=\"1.3\" data-animationOffset=\"top-into-view\"><div class=\"fusion-column-wrapper fusion-column-has-shadow fusion-flex-justify-content-flex-start fusion-content-layout-column\"><div class=\"fusion-image-element \" style=\"--awb-caption-title-font-family:var(--h2_typography-font-family);--awb-caption-title-font-weight:var(--h2_typography-font-weight);--awb-caption-title-font-style:var(--h2_typography-font-style);--awb-caption-title-size:var(--h2_typography-font-size);--awb-caption-title-transform:var(--h2_typography-text-transform);--awb-caption-title-line-height:var(--h2_typography-line-height);--awb-caption-title-letter-spacing:var(--h2_typography-letter-spacing);\"><span class=\" fusion-imageframe imageframe-none imageframe-2 hover-type-none\" style=\"border-radius:5px;\"><img decoding=\"async\" width=\"1920\" height=\"1080\" title=\"Ragros_W_019\" src=\"https:\/\/ragros.com\/en\/wp-content\/uploads\/2024\/02\/Ragros_W_019.webp\" alt class=\"img-responsive wp-image-1539\" srcset=\"https:\/\/ragros.com\/en\/wp-content\/uploads\/2024\/02\/Ragros_W_019-200x113.webp 200w, https:\/\/ragros.com\/en\/wp-content\/uploads\/2024\/02\/Ragros_W_019-400x225.webp 400w, https:\/\/ragros.com\/en\/wp-content\/uploads\/2024\/02\/Ragros_W_019-600x338.webp 600w, https:\/\/ragros.com\/en\/wp-content\/uploads\/2024\/02\/Ragros_W_019-800x450.webp 800w, https:\/\/ragros.com\/en\/wp-content\/uploads\/2024\/02\/Ragros_W_019-1200x675.webp 1200w, https:\/\/ragros.com\/en\/wp-content\/uploads\/2024\/02\/Ragros_W_019.webp 1920w\" sizes=\"(max-width: 718px) 100vw, 600px\" \/><\/span><\/div><\/div><\/div><\/div><\/div><\/p>\n","protected":false},"excerpt":{"rendered":"","protected":false},"author":1,"featured_media":0,"parent":0,"menu_order":0,"comment_status":"closed","ping_status":"closed","template":"100-width.php","meta":{"footnotes":""},"categories":[],"tags":[],"class_list":["post-1451","page","type-page","status-publish","hentry"],"yoast_head":"<!-- This site is optimized with the Yoast SEO plugin v27.5 - https:\/\/yoast.com\/product\/yoast-seo-wordpress\/ -->\n<title>Services - Ragros (EN)<\/title>\n<meta name=\"robots\" content=\"index, follow, max-snippet:-1, max-image-preview:large, max-video-preview:-1\" \/>\n<link rel=\"canonical\" href=\"https:\/\/ragros.com\/en\/services\/\" \/>\n<meta property=\"og:locale\" content=\"en_US\" \/>\n<meta property=\"og:type\" content=\"article\" \/>\n<meta property=\"og:title\" content=\"Services - Ragros (EN)\" \/>\n<meta property=\"og:url\" content=\"https:\/\/ragros.com\/en\/services\/\" \/>\n<meta property=\"og:site_name\" content=\"Ragros (EN)\" \/>\n<meta property=\"article:modified_time\" content=\"2024-05-27T04:11:05+00:00\" \/>\n<meta name=\"twitter:card\" content=\"summary_large_image\" \/>\n<meta name=\"twitter:label1\" content=\"Est. reading time\" \/>\n\t<meta name=\"twitter:data1\" content=\"12 minutes\" \/>\n<script type=\"application\/ld+json\" class=\"yoast-schema-graph\">{\"@context\":\"https:\\\/\\\/schema.org\",\"@graph\":[{\"@type\":\"WebPage\",\"@id\":\"https:\\\/\\\/ragros.com\\\/en\\\/services\\\/\",\"url\":\"https:\\\/\\\/ragros.com\\\/en\\\/services\\\/\",\"name\":\"Services - Ragros (EN)\",\"isPartOf\":{\"@id\":\"https:\\\/\\\/ragros.com\\\/en\\\/#website\"},\"datePublished\":\"2024-02-11T11:36:24+00:00\",\"dateModified\":\"2024-05-27T04:11:05+00:00\",\"breadcrumb\":{\"@id\":\"https:\\\/\\\/ragros.com\\\/en\\\/services\\\/#breadcrumb\"},\"inLanguage\":\"en-US\",\"potentialAction\":[{\"@type\":\"ReadAction\",\"target\":[\"https:\\\/\\\/ragros.com\\\/en\\\/services\\\/\"]}]},{\"@type\":\"BreadcrumbList\",\"@id\":\"https:\\\/\\\/ragros.com\\\/en\\\/services\\\/#breadcrumb\",\"itemListElement\":[{\"@type\":\"ListItem\",\"position\":1,\"name\":\"Anasayfa\",\"item\":\"https:\\\/\\\/ragros.com\\\/en\\\/\"},{\"@type\":\"ListItem\",\"position\":2,\"name\":\"Services\"}]},{\"@type\":\"WebSite\",\"@id\":\"https:\\\/\\\/ragros.com\\\/en\\\/#website\",\"url\":\"https:\\\/\\\/ragros.com\\\/en\\\/\",\"name\":\"Ragros (EN)\",\"description\":\"Prestijli \u00dcr\u00fcnler G\u00fcvenilir Ellerde\",\"potentialAction\":[{\"@type\":\"SearchAction\",\"target\":{\"@type\":\"EntryPoint\",\"urlTemplate\":\"https:\\\/\\\/ragros.com\\\/en\\\/?s={search_term_string}\"},\"query-input\":{\"@type\":\"PropertyValueSpecification\",\"valueRequired\":true,\"valueName\":\"search_term_string\"}}],\"inLanguage\":\"en-US\"}]}<\/script>\n<!-- \/ Yoast SEO plugin. -->","yoast_head_json":{"title":"Services - Ragros (EN)","robots":{"index":"index","follow":"follow","max-snippet":"max-snippet:-1","max-image-preview":"max-image-preview:large","max-video-preview":"max-video-preview:-1"},"canonical":"https:\/\/ragros.com\/en\/services\/","og_locale":"en_US","og_type":"article","og_title":"Services - Ragros (EN)","og_url":"https:\/\/ragros.com\/en\/services\/","og_site_name":"Ragros (EN)","article_modified_time":"2024-05-27T04:11:05+00:00","twitter_card":"summary_large_image","twitter_misc":{"Est. reading time":"12 minutes"},"schema":{"@context":"https:\/\/schema.org","@graph":[{"@type":"WebPage","@id":"https:\/\/ragros.com\/en\/services\/","url":"https:\/\/ragros.com\/en\/services\/","name":"Services - Ragros (EN)","isPartOf":{"@id":"https:\/\/ragros.com\/en\/#website"},"datePublished":"2024-02-11T11:36:24+00:00","dateModified":"2024-05-27T04:11:05+00:00","breadcrumb":{"@id":"https:\/\/ragros.com\/en\/services\/#breadcrumb"},"inLanguage":"en-US","potentialAction":[{"@type":"ReadAction","target":["https:\/\/ragros.com\/en\/services\/"]}]},{"@type":"BreadcrumbList","@id":"https:\/\/ragros.com\/en\/services\/#breadcrumb","itemListElement":[{"@type":"ListItem","position":1,"name":"Anasayfa","item":"https:\/\/ragros.com\/en\/"},{"@type":"ListItem","position":2,"name":"Services"}]},{"@type":"WebSite","@id":"https:\/\/ragros.com\/en\/#website","url":"https:\/\/ragros.com\/en\/","name":"Ragros (EN)","description":"Prestijli \u00dcr\u00fcnler G\u00fcvenilir Ellerde","potentialAction":[{"@type":"SearchAction","target":{"@type":"EntryPoint","urlTemplate":"https:\/\/ragros.com\/en\/?s={search_term_string}"},"query-input":{"@type":"PropertyValueSpecification","valueRequired":true,"valueName":"search_term_string"}}],"inLanguage":"en-US"}]}},"comments":[],"_links":{"self":[{"href":"https:\/\/ragros.com\/en\/wp-json\/wp\/v2\/pages\/1451","targetHints":{"allow":["GET"]}}],"collection":[{"href":"https:\/\/ragros.com\/en\/wp-json\/wp\/v2\/pages"}],"about":[{"href":"https:\/\/ragros.com\/en\/wp-json\/wp\/v2\/types\/page"}],"author":[{"embeddable":true,"href":"https:\/\/ragros.com\/en\/wp-json\/wp\/v2\/users\/1"}],"replies":[{"embeddable":true,"href":"https:\/\/ragros.com\/en\/wp-json\/wp\/v2\/comments?post=1451"}],"version-history":[{"count":10,"href":"https:\/\/ragros.com\/en\/wp-json\/wp\/v2\/pages\/1451\/revisions"}],"predecessor-version":[{"id":1641,"href":"https:\/\/ragros.com\/en\/wp-json\/wp\/v2\/pages\/1451\/revisions\/1641"}],"wp:attachment":[{"href":"https:\/\/ragros.com\/en\/wp-json\/wp\/v2\/media?parent=1451"}],"wp:term":[{"taxonomy":"category","embeddable":true,"href":"https:\/\/ragros.com\/en\/wp-json\/wp\/v2\/categories?post=1451"},{"taxonomy":"post_tag","embeddable":true,"href":"https:\/\/ragros.com\/en\/wp-json\/wp\/v2\/tags?post=1451"}],"curies":[{"name":"wp","href":"https:\/\/api.w.org\/{rel}","templated":true}]}}