{"id":1464,"date":"2024-02-11T14:50:36","date_gmt":"2024-02-11T11:50:36","guid":{"rendered":"https:\/\/ragros.com\/en\/?page_id=1464"},"modified":"2024-02-18T11:26:09","modified_gmt":"2024-02-18T08:26:09","slug":"consultancy","status":"publish","type":"page","link":"https:\/\/ragros.com\/en\/consultancy\/","title":{"rendered":"Consultancy"},"content":{"rendered":"<p><div class=\"fusion-fullwidth fullwidth-box fusion-builder-row-1 fusion-flex-container has-pattern-background has-mask-background fusion-parallax-none nonhundred-percent-fullwidth hundred-percent-height hundred-percent-height-center-content non-hundred-percent-height-scrolling fusion-animated\" style=\"--awb-border-radius-top-left:0px;--awb-border-radius-top-right:0px;--awb-border-radius-bottom-right:0px;--awb-border-radius-bottom-left:0px;--awb-padding-top:0px;--awb-padding-bottom:0px;--awb-padding-top-small:71px;--awb-padding-bottom-small:70px;--awb-background-image:linear-gradient(180deg, hsla(var(--awb-color8-h),var(--awb-color8-s),var(--awb-color8-l),calc(var(--awb-color8-a) - 70%)) 0%,hsla(var(--awb-color8-h),var(--awb-color8-s),var(--awb-color8-l),calc(var(--awb-color8-a) - 70%)) 100%),url(https:\/\/ragros.com\/en\/wp-content\/uploads\/2024\/02\/Ragros_W_009.webp);;--awb-background-size:cover;--awb-flex-wrap:wrap;--awb-animation-color:var(--awb-color7);\" data-animationType=\"revealInLeft\" data-animationDuration=\"1.3\" data-animationOffset=\"top-into-view\" ><div class=\"fusion-builder-row fusion-row fusion-flex-align-items-center fusion-flex-content-wrap\" style=\"max-width:1248px;margin-left: calc(-4% \/ 2 );margin-right: calc(-4% \/ 2 );\"><div class=\"fusion-layout-column fusion_builder_column fusion-builder-column-0 fusion_builder_column_2_3 2_3 fusion-flex-column fusion-animated\" style=\"--awb-bg-size:cover;--awb-width-large:66.666666666667%;--awb-margin-top-large:89px;--awb-spacing-right-large:2.88%;--awb-margin-bottom-large:0px;--awb-spacing-left-large:2.88%;--awb-width-medium:66.666666666667%;--awb-order-medium:0;--awb-spacing-right-medium:2.88%;--awb-spacing-left-medium:2.88%;--awb-width-small:100%;--awb-order-small:0;--awb-spacing-right-small:1.92%;--awb-spacing-left-small:1.92%;\" data-animationType=\"fadeInUp\" data-animationDuration=\"1.3\" data-animationDelay=\"1.3\" data-animationOffset=\"top-into-view\" data-motion-effects=\"[{&quot;type&quot;:&quot;scroll&quot;}]\" data-scroll-devices=\"small-visibility,medium-visibility,large-visibility\"><div class=\"fusion-column-wrapper fusion-column-has-shadow fusion-flex-justify-content-flex-start fusion-content-layout-column\"><div class=\"fusion-title title fusion-title-1 fusion-sep-none fusion-title-text fusion-title-size-div\" style=\"--awb-text-color:var(--awb-color2);--awb-margin-top:0px;--awb-margin-bottom:30px;--awb-margin-top-small:10px;--awb-margin-right-small:0px;--awb-margin-bottom-small:10px;--awb-margin-left-small:0px;--awb-font-size:var(--awb-typography2-font-size);\"><div class=\"fusion-title-heading title-heading-left title-heading-tag\" style=\"font-family:var(--awb-typography2-font-family);font-weight:var(--awb-typography2-font-weight);font-style:var(--awb-typography2-font-style);margin:0;letter-spacing:var(--awb-typography2-letter-spacing);text-transform:var(--awb-typography2-text-transform);font-size:1em;line-height:var(--awb-typography2-line-height);\">Ragros<\/div><\/div><div class=\"fusion-title title fusion-title-2 fusion-sep-none fusion-title-text fusion-title-size-one\" style=\"--awb-margin-top:0px;--awb-margin-bottom:40px;--awb-margin-top-small:10px;--awb-margin-right-small:0px;--awb-margin-bottom-small:10px;--awb-margin-left-small:0px;--awb-font-size:68px;\"><h1 class=\"fusion-title-heading title-heading-left\" style=\"margin:0;font-size:1em;line-height:72px;\">Consultancy Services<\/h1><\/div><div class=\"fusion-text fusion-text-1 fusion-text-no-margin\" style=\"--awb-text-color:var(--awb-color1);--awb-margin-right:15%;--awb-margin-bottom:40px;\"><p>While Ragros opens Turkish brands to the world, it also provides consultancy services to brands aiming to enter the Turkish market.<\/p>\n<\/div><\/div><\/div><\/div><\/div><div class=\"fusion-fullwidth fullwidth-box fusion-builder-row-2 fusion-flex-container has-pattern-background has-mask-background nonhundred-percent-fullwidth non-hundred-percent-height-scrolling\" style=\"--awb-border-radius-top-left:0px;--awb-border-radius-top-right:0px;--awb-border-radius-bottom-right:0px;--awb-border-radius-bottom-left:0px;--awb-padding-top:95px;--awb-padding-bottom:95px;--awb-padding-bottom-medium:0px;--awb-flex-wrap:wrap;\" ><div class=\"fusion-builder-row fusion-row fusion-flex-align-items-flex-start fusion-flex-content-wrap\" style=\"max-width:1248px;margin-left: calc(-4% \/ 2 );margin-right: calc(-4% \/ 2 );\"><div class=\"fusion-layout-column fusion_builder_column fusion-builder-column-1 fusion_builder_column_1_4 1_4 fusion-flex-column\" style=\"--awb-bg-size:cover;--awb-width-large:25%;--awb-margin-top-large:0px;--awb-spacing-right-large:7.68%;--awb-margin-bottom-large:0px;--awb-spacing-left-large:7.68%;--awb-width-medium:25%;--awb-order-medium:0;--awb-spacing-right-medium:7.68%;--awb-spacing-left-medium:7.68%;--awb-width-small:50%;--awb-order-small:0;--awb-spacing-right-small:3.84%;--awb-spacing-left-small:3.84%;\"><div class=\"fusion-column-wrapper fusion-column-has-shadow fusion-flex-justify-content-flex-start fusion-content-layout-column\"><div class=\"fusion-image-element \" style=\"--awb-aspect-ratio:1 \/ 1;--awb-margin-bottom:20px;--awb-caption-title-font-family:var(--h2_typography-font-family);--awb-caption-title-font-weight:var(--h2_typography-font-weight);--awb-caption-title-font-style:var(--h2_typography-font-style);--awb-caption-title-size:var(--h2_typography-font-size);--awb-caption-title-transform:var(--h2_typography-text-transform);--awb-caption-title-line-height:var(--h2_typography-line-height);--awb-caption-title-letter-spacing:var(--h2_typography-letter-spacing);\"><span class=\" fusion-imageframe imageframe-none imageframe-1 hover-type-none has-aspect-ratio\" style=\"border-radius:10px;\"><img decoding=\"async\" width=\"1920\" height=\"1080\" title=\"Ragros_W_011\" src=\"https:\/\/ragros.com\/en\/wp-content\/uploads\/2024\/02\/Ragros_W_011.webp\" class=\"img-responsive wp-image-1531 img-with-aspect-ratio\" data-parent-fit=\"cover\" data-parent-container=\".fusion-image-element\" alt srcset=\"https:\/\/ragros.com\/en\/wp-content\/uploads\/2024\/02\/Ragros_W_011-200x113.webp 200w, https:\/\/ragros.com\/en\/wp-content\/uploads\/2024\/02\/Ragros_W_011-400x225.webp 400w, https:\/\/ragros.com\/en\/wp-content\/uploads\/2024\/02\/Ragros_W_011-600x338.webp 600w, https:\/\/ragros.com\/en\/wp-content\/uploads\/2024\/02\/Ragros_W_011-800x450.webp 800w, https:\/\/ragros.com\/en\/wp-content\/uploads\/2024\/02\/Ragros_W_011-1200x675.webp 1200w, https:\/\/ragros.com\/en\/wp-content\/uploads\/2024\/02\/Ragros_W_011.webp 1920w\" sizes=\"(max-width: 718px) 100vw, 400px\" \/><\/span><\/div><div class=\"fusion-title title fusion-title-3 fusion-sep-none fusion-title-text fusion-title-size-five\" style=\"--awb-margin-top:20px;--awb-margin-bottom:20px;--awb-margin-top-small:10px;--awb-margin-right-small:0px;--awb-margin-bottom-small:10px;--awb-margin-left-small:0px;\"><h5 class=\"fusion-title-heading title-heading-left\" style=\"margin:0;\">Commercial and Legal Consultancy<\/h5><\/div><div class=\"fusion-text fusion-text-2\"><p>We manage Turkey&#8217;s legal processes with our expert staff and manage the legal procedures on your behalf. We also produce solutions in both import and export fields.<\/p>\n<\/div><\/div><\/div><div class=\"fusion-layout-column fusion_builder_column fusion-builder-column-2 fusion_builder_column_1_4 1_4 fusion-flex-column\" style=\"--awb-bg-size:cover;--awb-width-large:25%;--awb-margin-top-large:0px;--awb-spacing-right-large:7.68%;--awb-margin-bottom-large:0px;--awb-spacing-left-large:7.68%;--awb-width-medium:25%;--awb-order-medium:0;--awb-spacing-right-medium:7.68%;--awb-spacing-left-medium:7.68%;--awb-width-small:50%;--awb-order-small:0;--awb-spacing-right-small:3.84%;--awb-spacing-left-small:3.84%;\"><div class=\"fusion-column-wrapper fusion-column-has-shadow fusion-flex-justify-content-flex-start fusion-content-layout-column\"><div class=\"fusion-image-element \" style=\"--awb-aspect-ratio:1 \/ 1;--awb-margin-bottom:20px;--awb-caption-title-font-family:var(--h2_typography-font-family);--awb-caption-title-font-weight:var(--h2_typography-font-weight);--awb-caption-title-font-style:var(--h2_typography-font-style);--awb-caption-title-size:var(--h2_typography-font-size);--awb-caption-title-transform:var(--h2_typography-text-transform);--awb-caption-title-line-height:var(--h2_typography-line-height);--awb-caption-title-letter-spacing:var(--h2_typography-letter-spacing);\"><span class=\" fusion-imageframe imageframe-none imageframe-2 hover-type-none has-aspect-ratio\" style=\"border-radius:10px;\"><img decoding=\"async\" width=\"1920\" height=\"1080\" title=\"Ragros_W_015\" src=\"https:\/\/ragros.com\/en\/wp-content\/uploads\/2024\/02\/Ragros_W_015.webp\" class=\"img-responsive wp-image-1535 img-with-aspect-ratio\" data-parent-fit=\"cover\" data-parent-container=\".fusion-image-element\" alt srcset=\"https:\/\/ragros.com\/en\/wp-content\/uploads\/2024\/02\/Ragros_W_015-200x113.webp 200w, https:\/\/ragros.com\/en\/wp-content\/uploads\/2024\/02\/Ragros_W_015-400x225.webp 400w, https:\/\/ragros.com\/en\/wp-content\/uploads\/2024\/02\/Ragros_W_015-600x338.webp 600w, https:\/\/ragros.com\/en\/wp-content\/uploads\/2024\/02\/Ragros_W_015-800x450.webp 800w, https:\/\/ragros.com\/en\/wp-content\/uploads\/2024\/02\/Ragros_W_015-1200x675.webp 1200w, https:\/\/ragros.com\/en\/wp-content\/uploads\/2024\/02\/Ragros_W_015.webp 1920w\" sizes=\"(max-width: 718px) 100vw, 400px\" \/><\/span><\/div><div class=\"fusion-title title fusion-title-4 fusion-sep-none fusion-title-text fusion-title-size-five\" style=\"--awb-margin-top:20px;--awb-margin-bottom:20px;--awb-margin-top-small:10px;--awb-margin-right-small:0px;--awb-margin-bottom-small:10px;--awb-margin-left-small:0px;\"><h5 class=\"fusion-title-heading title-heading-left\" style=\"margin:0;\">Market and Competitor Analysis<\/h5><\/div><div class=\"fusion-text fusion-text-3\"><p>By explaining the factors affecting regional competition and purchasing preferences, we analyze your competitors in the sectors you plan to sanction and report whether your brand creates an opportunity for Turkey.<\/p>\n<\/div><\/div><\/div><div class=\"fusion-layout-column fusion_builder_column fusion-builder-column-3 fusion_builder_column_1_4 1_4 fusion-flex-column\" style=\"--awb-bg-size:cover;--awb-width-large:25%;--awb-margin-top-large:0px;--awb-spacing-right-large:7.68%;--awb-margin-bottom-large:0px;--awb-spacing-left-large:7.68%;--awb-width-medium:25%;--awb-order-medium:0;--awb-spacing-right-medium:7.68%;--awb-spacing-left-medium:7.68%;--awb-width-small:50%;--awb-order-small:0;--awb-spacing-right-small:3.84%;--awb-spacing-left-small:3.84%;\"><div class=\"fusion-column-wrapper fusion-column-has-shadow fusion-flex-justify-content-flex-start fusion-content-layout-column\"><div class=\"fusion-image-element \" style=\"--awb-aspect-ratio:1 \/ 1;--awb-margin-bottom:20px;--awb-caption-title-font-family:var(--h2_typography-font-family);--awb-caption-title-font-weight:var(--h2_typography-font-weight);--awb-caption-title-font-style:var(--h2_typography-font-style);--awb-caption-title-size:var(--h2_typography-font-size);--awb-caption-title-transform:var(--h2_typography-text-transform);--awb-caption-title-line-height:var(--h2_typography-line-height);--awb-caption-title-letter-spacing:var(--h2_typography-letter-spacing);\"><span class=\" fusion-imageframe imageframe-none imageframe-3 hover-type-none has-aspect-ratio\" style=\"border-radius:10px;\"><img decoding=\"async\" width=\"1920\" height=\"1080\" title=\"Ragros_W_007\" src=\"https:\/\/ragros.com\/en\/wp-content\/uploads\/2024\/02\/Ragros_W_007.webp\" class=\"img-responsive wp-image-1527 img-with-aspect-ratio\" data-parent-fit=\"cover\" data-parent-container=\".fusion-image-element\" alt srcset=\"https:\/\/ragros.com\/en\/wp-content\/uploads\/2024\/02\/Ragros_W_007-200x113.webp 200w, https:\/\/ragros.com\/en\/wp-content\/uploads\/2024\/02\/Ragros_W_007-400x225.webp 400w, https:\/\/ragros.com\/en\/wp-content\/uploads\/2024\/02\/Ragros_W_007-600x338.webp 600w, https:\/\/ragros.com\/en\/wp-content\/uploads\/2024\/02\/Ragros_W_007-800x450.webp 800w, https:\/\/ragros.com\/en\/wp-content\/uploads\/2024\/02\/Ragros_W_007-1200x675.webp 1200w, https:\/\/ragros.com\/en\/wp-content\/uploads\/2024\/02\/Ragros_W_007.webp 1920w\" sizes=\"(max-width: 718px) 100vw, 400px\" \/><\/span><\/div><div class=\"fusion-title title fusion-title-5 fusion-sep-none fusion-title-text fusion-title-size-five\" style=\"--awb-margin-top:20px;--awb-margin-bottom:20px;--awb-margin-top-small:10px;--awb-margin-right-small:0px;--awb-margin-bottom-small:10px;--awb-margin-left-small:0px;\"><h5 class=\"fusion-title-heading title-heading-left\" style=\"margin:0;\">Sales Forecast Based on Sales Channel<\/h5><\/div><div class=\"fusion-text fusion-text-4\"><p>We analyze sales channels, explain the working dynamics of each channel, report the successful applications of the channels in increasing sales, and create sales forecasts on a time plan.<\/p>\n<\/div><\/div><\/div><div class=\"fusion-layout-column fusion_builder_column fusion-builder-column-4 fusion_builder_column_1_4 1_4 fusion-flex-column\" style=\"--awb-bg-size:cover;--awb-width-large:25%;--awb-margin-top-large:0px;--awb-spacing-right-large:7.68%;--awb-margin-bottom-large:0px;--awb-spacing-left-large:7.68%;--awb-width-medium:25%;--awb-order-medium:0;--awb-spacing-right-medium:7.68%;--awb-spacing-left-medium:7.68%;--awb-width-small:50%;--awb-order-small:0;--awb-spacing-right-small:3.84%;--awb-spacing-left-small:3.84%;\"><div class=\"fusion-column-wrapper fusion-column-has-shadow fusion-flex-justify-content-flex-start fusion-content-layout-column\"><div class=\"fusion-image-element \" style=\"--awb-aspect-ratio:1 \/ 1;--awb-margin-bottom:20px;--awb-caption-title-font-family:var(--h2_typography-font-family);--awb-caption-title-font-weight:var(--h2_typography-font-weight);--awb-caption-title-font-style:var(--h2_typography-font-style);--awb-caption-title-size:var(--h2_typography-font-size);--awb-caption-title-transform:var(--h2_typography-text-transform);--awb-caption-title-line-height:var(--h2_typography-line-height);--awb-caption-title-letter-spacing:var(--h2_typography-letter-spacing);\"><span class=\" fusion-imageframe imageframe-none imageframe-4 hover-type-none has-aspect-ratio\" style=\"border-radius:10px;\"><img decoding=\"async\" width=\"1920\" height=\"1080\" title=\"Ragros_W_006\" src=\"https:\/\/ragros.com\/en\/wp-content\/uploads\/2024\/02\/Ragros_W_006.webp\" class=\"img-responsive wp-image-1526 img-with-aspect-ratio\" data-parent-fit=\"cover\" data-parent-container=\".fusion-image-element\" alt srcset=\"https:\/\/ragros.com\/en\/wp-content\/uploads\/2024\/02\/Ragros_W_006-200x113.webp 200w, https:\/\/ragros.com\/en\/wp-content\/uploads\/2024\/02\/Ragros_W_006-400x225.webp 400w, https:\/\/ragros.com\/en\/wp-content\/uploads\/2024\/02\/Ragros_W_006-600x338.webp 600w, https:\/\/ragros.com\/en\/wp-content\/uploads\/2024\/02\/Ragros_W_006-800x450.webp 800w, https:\/\/ragros.com\/en\/wp-content\/uploads\/2024\/02\/Ragros_W_006-1200x675.webp 1200w, https:\/\/ragros.com\/en\/wp-content\/uploads\/2024\/02\/Ragros_W_006.webp 1920w\" sizes=\"(max-width: 718px) 100vw, 400px\" \/><\/span><\/div><div class=\"fusion-title title fusion-title-6 fusion-sep-none fusion-title-text fusion-title-size-five\" style=\"--awb-margin-top:20px;--awb-margin-bottom:20px;--awb-margin-top-small:10px;--awb-margin-right-small:0px;--awb-margin-bottom-small:10px;--awb-margin-left-small:0px;\"><h5 class=\"fusion-title-heading title-heading-left\" style=\"margin:0;\">Marketing and Promotion<\/h5><\/div><div class=\"fusion-text fusion-text-5\"><p>Ragros Foreign Trade S.A. offers consultancy services that can provide all the services they need for the Turkish market, such as marketing and promotion planning.<\/p>\n<\/div><\/div><\/div><div class=\"fusion-layout-column fusion_builder_column fusion-builder-column-5 fusion_builder_column_1_1 1_1 fusion-flex-column\" style=\"--awb-padding-top:5%;--awb-padding-right:10%;--awb-padding-bottom:5%;--awb-padding-left:10%;--awb-padding-right-medium:0px;--awb-padding-left-medium:0px;--awb-padding-right-small:0px;--awb-padding-left-small:0px;--awb-bg-size:cover;--awb-width-large:100%;--awb-margin-top-large:0px;--awb-spacing-right-large:1.92%;--awb-margin-bottom-large:0px;--awb-spacing-left-large:1.92%;--awb-width-medium:100%;--awb-order-medium:0;--awb-spacing-right-medium:1.92%;--awb-spacing-left-medium:1.92%;--awb-width-small:100%;--awb-order-small:0;--awb-spacing-right-small:1.92%;--awb-spacing-left-small:1.92%;\"><div class=\"fusion-column-wrapper fusion-column-has-shadow fusion-flex-justify-content-flex-start fusion-content-layout-column\"><div class=\"fusion-text fusion-text-6\" style=\"--awb-content-alignment:center;\"><p>With the power it receives from the group companies and its expert team, Ragros Foreign Trade S.A. has the ability to bring together brands that aim to enter the Turkish market with the strong sales organizations of our country and to manage the sales and marketing organization on behalf of the brands.<\/p>\n<\/div><\/div><\/div><\/div><\/div><\/p>\n","protected":false},"excerpt":{"rendered":"","protected":false},"author":1,"featured_media":0,"parent":0,"menu_order":0,"comment_status":"closed","ping_status":"closed","template":"100-width.php","meta":{"footnotes":""},"categories":[],"tags":[],"class_list":["post-1464","page","type-page","status-publish","hentry"],"yoast_head":"<!-- This site is optimized with the Yoast SEO plugin v27.6 - https:\/\/yoast.com\/product\/yoast-seo-wordpress\/ -->\n<title>Consultancy - Ragros (EN)<\/title>\n<meta name=\"robots\" content=\"index, follow, max-snippet:-1, max-image-preview:large, max-video-preview:-1\" \/>\n<link rel=\"canonical\" href=\"https:\/\/ragros.com\/en\/consultancy\/\" \/>\n<meta property=\"og:locale\" content=\"en_US\" \/>\n<meta property=\"og:type\" content=\"article\" \/>\n<meta property=\"og:title\" content=\"Consultancy - Ragros (EN)\" \/>\n<meta property=\"og:url\" content=\"https:\/\/ragros.com\/en\/consultancy\/\" \/>\n<meta property=\"og:site_name\" content=\"Ragros (EN)\" \/>\n<meta property=\"article:modified_time\" content=\"2024-02-18T08:26:09+00:00\" \/>\n<meta name=\"twitter:card\" content=\"summary_large_image\" \/>\n<meta name=\"twitter:label1\" content=\"Est. reading time\" \/>\n\t<meta name=\"twitter:data1\" content=\"18 minutes\" \/>\n<script type=\"application\/ld+json\" class=\"yoast-schema-graph\">{\"@context\":\"https:\\\/\\\/schema.org\",\"@graph\":[{\"@type\":\"WebPage\",\"@id\":\"https:\\\/\\\/ragros.com\\\/en\\\/consultancy\\\/\",\"url\":\"https:\\\/\\\/ragros.com\\\/en\\\/consultancy\\\/\",\"name\":\"Consultancy - Ragros (EN)\",\"isPartOf\":{\"@id\":\"https:\\\/\\\/ragros.com\\\/en\\\/#website\"},\"datePublished\":\"2024-02-11T11:50:36+00:00\",\"dateModified\":\"2024-02-18T08:26:09+00:00\",\"breadcrumb\":{\"@id\":\"https:\\\/\\\/ragros.com\\\/en\\\/consultancy\\\/#breadcrumb\"},\"inLanguage\":\"en-US\",\"potentialAction\":[{\"@type\":\"ReadAction\",\"target\":[\"https:\\\/\\\/ragros.com\\\/en\\\/consultancy\\\/\"]}]},{\"@type\":\"BreadcrumbList\",\"@id\":\"https:\\\/\\\/ragros.com\\\/en\\\/consultancy\\\/#breadcrumb\",\"itemListElement\":[{\"@type\":\"ListItem\",\"position\":1,\"name\":\"Anasayfa\",\"item\":\"https:\\\/\\\/ragros.com\\\/en\\\/\"},{\"@type\":\"ListItem\",\"position\":2,\"name\":\"Consultancy\"}]},{\"@type\":\"WebSite\",\"@id\":\"https:\\\/\\\/ragros.com\\\/en\\\/#website\",\"url\":\"https:\\\/\\\/ragros.com\\\/en\\\/\",\"name\":\"Ragros (EN)\",\"description\":\"Prestijli \u00dcr\u00fcnler G\u00fcvenilir Ellerde\",\"potentialAction\":[{\"@type\":\"SearchAction\",\"target\":{\"@type\":\"EntryPoint\",\"urlTemplate\":\"https:\\\/\\\/ragros.com\\\/en\\\/?s={search_term_string}\"},\"query-input\":{\"@type\":\"PropertyValueSpecification\",\"valueRequired\":true,\"valueName\":\"search_term_string\"}}],\"inLanguage\":\"en-US\"}]}<\/script>\n<!-- \/ Yoast SEO plugin. -->","yoast_head_json":{"title":"Consultancy - Ragros (EN)","robots":{"index":"index","follow":"follow","max-snippet":"max-snippet:-1","max-image-preview":"max-image-preview:large","max-video-preview":"max-video-preview:-1"},"canonical":"https:\/\/ragros.com\/en\/consultancy\/","og_locale":"en_US","og_type":"article","og_title":"Consultancy - Ragros (EN)","og_url":"https:\/\/ragros.com\/en\/consultancy\/","og_site_name":"Ragros (EN)","article_modified_time":"2024-02-18T08:26:09+00:00","twitter_card":"summary_large_image","twitter_misc":{"Est. reading time":"18 minutes"},"schema":{"@context":"https:\/\/schema.org","@graph":[{"@type":"WebPage","@id":"https:\/\/ragros.com\/en\/consultancy\/","url":"https:\/\/ragros.com\/en\/consultancy\/","name":"Consultancy - Ragros (EN)","isPartOf":{"@id":"https:\/\/ragros.com\/en\/#website"},"datePublished":"2024-02-11T11:50:36+00:00","dateModified":"2024-02-18T08:26:09+00:00","breadcrumb":{"@id":"https:\/\/ragros.com\/en\/consultancy\/#breadcrumb"},"inLanguage":"en-US","potentialAction":[{"@type":"ReadAction","target":["https:\/\/ragros.com\/en\/consultancy\/"]}]},{"@type":"BreadcrumbList","@id":"https:\/\/ragros.com\/en\/consultancy\/#breadcrumb","itemListElement":[{"@type":"ListItem","position":1,"name":"Anasayfa","item":"https:\/\/ragros.com\/en\/"},{"@type":"ListItem","position":2,"name":"Consultancy"}]},{"@type":"WebSite","@id":"https:\/\/ragros.com\/en\/#website","url":"https:\/\/ragros.com\/en\/","name":"Ragros (EN)","description":"Prestijli \u00dcr\u00fcnler G\u00fcvenilir Ellerde","potentialAction":[{"@type":"SearchAction","target":{"@type":"EntryPoint","urlTemplate":"https:\/\/ragros.com\/en\/?s={search_term_string}"},"query-input":{"@type":"PropertyValueSpecification","valueRequired":true,"valueName":"search_term_string"}}],"inLanguage":"en-US"}]}},"comments":[],"_links":{"self":[{"href":"https:\/\/ragros.com\/en\/wp-json\/wp\/v2\/pages\/1464","targetHints":{"allow":["GET"]}}],"collection":[{"href":"https:\/\/ragros.com\/en\/wp-json\/wp\/v2\/pages"}],"about":[{"href":"https:\/\/ragros.com\/en\/wp-json\/wp\/v2\/types\/page"}],"author":[{"embeddable":true,"href":"https:\/\/ragros.com\/en\/wp-json\/wp\/v2\/users\/1"}],"replies":[{"embeddable":true,"href":"https:\/\/ragros.com\/en\/wp-json\/wp\/v2\/comments?post=1464"}],"version-history":[{"count":9,"href":"https:\/\/ragros.com\/en\/wp-json\/wp\/v2\/pages\/1464\/revisions"}],"predecessor-version":[{"id":1632,"href":"https:\/\/ragros.com\/en\/wp-json\/wp\/v2\/pages\/1464\/revisions\/1632"}],"wp:attachment":[{"href":"https:\/\/ragros.com\/en\/wp-json\/wp\/v2\/media?parent=1464"}],"wp:term":[{"taxonomy":"category","embeddable":true,"href":"https:\/\/ragros.com\/en\/wp-json\/wp\/v2\/categories?post=1464"},{"taxonomy":"post_tag","embeddable":true,"href":"https:\/\/ragros.com\/en\/wp-json\/wp\/v2\/tags?post=1464"}],"curies":[{"name":"wp","href":"https:\/\/api.w.org\/{rel}","templated":true}]}}